{"id":3,"date":"2020-05-10T12:30:08","date_gmt":"2020-05-10T12:30:08","guid":{"rendered":"http:\/\/web2020.gupharma.at\/?page_id=3"},"modified":"2024-02-14T16:27:45","modified_gmt":"2024-02-14T15:27:45","slug":"impressum","status":"publish","type":"page","link":"https:\/\/www.staging.gupharma.at\/?page_id=3","title":{"rendered":"Impressum"},"content":{"rendered":"\t\t<div data-elementor-type=\"wp-page\" data-elementor-id=\"3\" class=\"elementor elementor-3\">\n\t\t\t\t\t\t<section class=\"elementor-section elementor-top-section elementor-element elementor-element-5566e3c8 elementor-section-boxed elementor-section-height-default elementor-section-height-default\" data-id=\"5566e3c8\" data-element_type=\"section\">\n\t\t\t\t\t\t<div class=\"elementor-container elementor-column-gap-default\">\n\t\t\t\t\t<div class=\"elementor-column elementor-col-100 elementor-top-column elementor-element elementor-element-6e3d067d\" data-id=\"6e3d067d\" data-element_type=\"column\">\n\t\t\t<div class=\"elementor-column-wrap--6e3d067d elementor-widget-wrap elementor-element-populated\">\n\t\t\t\t\t\t<div class=\"elementor-element elementor-element-33362f90 elementor-widget elementor-widget-text-editor\" data-id=\"33362f90\" data-element_type=\"widget\" data-widget_type=\"text-editor.default\">\n\t\t\t\t<div class=\"elementor-widget-container\">\n\t\t\t\t\t\t\t<h2>GUPHARMA\u00a0GmbH<\/h2><p>UID-Nr: ATU73835567<br \/>FN: 502220i<br \/>Handelsgericht Salzburg<\/p><p>Gewerbepark 281<br \/>A-5580 Tamsweg<br \/>Tel: +43 6474 20432<\/p><p>E-Mail: <a href=\"mailto:office@gupharma.at\">office@gupharma.at<\/a><br \/>Website: <a href=\"https:\/\/www.staging.gupharma.at\">www.gupharma.at<\/a><\/p>\t\t\t\t\t\t<\/div>\n\t\t\t\t<\/div>\n\t\t\t\t\t<\/div>\n\t\t<\/div>\n\t\t\t\t\t<\/div>\n\t\t<\/section>\n\t\t\t\t<section class=\"elementor-section elementor-top-section elementor-element elementor-element-e17c08e elementor-section-boxed elementor-section-height-default elementor-section-height-default\" data-id=\"e17c08e\" data-element_type=\"section\">\n\t\t\t\t\t\t<div class=\"elementor-container elementor-column-gap-default\">\n\t\t\t\t\t<div class=\"elementor-column elementor-col-100 elementor-top-column elementor-element elementor-element-ee3c780\" data-id=\"ee3c780\" data-element_type=\"column\">\n\t\t\t<div class=\"elementor-column-wrap--ee3c780 elementor-widget-wrap elementor-element-populated\">\n\t\t\t\t\t\t<div class=\"elementor-element elementor-element-50fda4b elementor-widget elementor-widget-text-editor\" data-id=\"50fda4b\" data-element_type=\"widget\" data-widget_type=\"text-editor.default\">\n\t\t\t\t<div class=\"elementor-widget-container\">\n\t\t\t\t\t\t\t<p><strong>Anwendbare Vorschriften:\u00a0<br \/><\/strong>Mediengesetz, E-Commerce-Gesetz, Telekommunikationsgesetz, Gewerbeordnung &#8211;\u00a0\u00a0siehe Rechtsinformationsservice des Bundeskanzleramtes <a href=\"http:\/\/www.ris.bka.gv.at\/\" target=\"_blank\" rel=\"noopener\">www.ris.bka.gv.at<\/a><\/p><p><strong>Kammer:<br \/><\/strong>WKO<\/p><p><strong>Aufsichtsbeh\u00f6rde \/\u00a0Beh\u00f6rde gem. E-Commerce-Gesetz:<br \/><\/strong>Bezirkshauptmannschaft Tamsweg, im Rahmen des Telekommunikationsgesetzes die Rundfunk und Telekom RegulierungsGmbH\/Telekom\u00a0Control Kommission, Mariahilfer Stra\u00dfe 77-79, 1060 Wien<\/p><p><strong>Offenlegung lt. \u00a725 Mediengesetz:<br \/>Medieninhaber &amp; Herausgeber<\/strong>: <br \/>GUPHARMA GmbH mit Sitz ins Tamsweg<\/p><p><strong>Unternehmensgegenstand<\/strong>:<br \/>Produktion und Vertrieb von Medien insb. Printmedien, Produktion und Vertrieb von Nahrungserg\u00e4nzungsmitteln und nicht rezeptpflichtigen Arzneimitteln.<br \/><strong><br \/>Grundlegende Richtung des Mediums:<br \/><\/strong>Informationen \u00fcber Produkte und Dienstleistungen der GUPHARMA GmbH<\/p><p><span style=\"font-weight: bold;\">Design &amp; Programmierung:<br \/><\/span><a href=\"https:\/\/camucamu.media\" target=\"_blank\" rel=\"noopener\">Camu Camu Media GmbH<\/a><\/p>\t\t\t\t\t\t<\/div>\n\t\t\t\t<\/div>\n\t\t\t\t\t<\/div>\n\t\t<\/div>\n\t\t\t\t\t<\/div>\n\t\t<\/section>\n\t\t\t\t<section class=\"elementor-section elementor-top-section elementor-element elementor-element-ce6b8f4 elementor-section-boxed elementor-section-height-default elementor-section-height-default\" data-id=\"ce6b8f4\" data-element_type=\"section\">\n\t\t\t\t\t\t<div class=\"elementor-container elementor-column-gap-default\">\n\t\t\t\t\t<div class=\"elementor-column elementor-col-100 elementor-top-column elementor-element elementor-element-b780cb4\" data-id=\"b780cb4\" data-element_type=\"column\">\n\t\t\t<div class=\"elementor-column-wrap--b780cb4 elementor-widget-wrap elementor-element-populated\">\n\t\t\t\t\t\t<div class=\"elementor-element elementor-element-4ae0246 elementor-widget elementor-widget-text-editor\" data-id=\"4ae0246\" data-element_type=\"widget\" data-widget_type=\"text-editor.default\">\n\t\t\t\t<div class=\"elementor-widget-container\">\n\t\t\t\t\t\t\t<p><strong>COPYRIGHT &amp; URHEBERRECHT<\/strong><\/p>\n<p>Der Inhalt dieser Webseite ist durch das Urheberrecht gesch\u00fctzt. Die Verwendung, Speicherung, Vervielf\u00e4ltigung und Weitergabe von Inhalten dieser Webseite kann nur mit dem Einverst\u00e4ndnis von GUPHARMA GmbH erfolgen.<\/p>\t\t\t\t\t\t<\/div>\n\t\t\t\t<\/div>\n\t\t\t\t\t<\/div>\n\t\t<\/div>\n\t\t\t\t\t<\/div>\n\t\t<\/section>\n\t\t\t\t<section class=\"elementor-section elementor-top-section elementor-element elementor-element-1b6fbb6 elementor-section-boxed elementor-section-height-default elementor-section-height-default\" data-id=\"1b6fbb6\" data-element_type=\"section\">\n\t\t\t\t\t\t<div class=\"elementor-container elementor-column-gap-default\">\n\t\t\t\t\t<div class=\"elementor-column elementor-col-100 elementor-top-column elementor-element elementor-element-7d24210\" data-id=\"7d24210\" data-element_type=\"column\">\n\t\t\t<div class=\"elementor-column-wrap--7d24210 elementor-widget-wrap elementor-element-populated\">\n\t\t\t\t\t\t<div class=\"elementor-element elementor-element-b0ac55a elementor-widget elementor-widget-text-editor\" data-id=\"b0ac55a\" data-element_type=\"widget\" data-widget_type=\"text-editor.default\">\n\t\t\t\t<div class=\"elementor-widget-container\">\n\t\t\t\t\t\t\t<p><strong>COOKIES<\/strong><\/p>\n<p>Diese Website benutzt &#8222;Cookies&#8220;. Cookies sind kleine Textdateien, die von einer Webseite auf dem Ger\u00e4t eines Besuchers abgelegt werden, um zuk\u00fcnftige Besuche dieser Website zu vereinfachen. Sie k\u00f6nnen in Ihren Browser-Einstellungen festlegen, ob die Cookies zugelassen werden oder nicht. Wenn Sie Cookies nicht zulassen, werden gewisse Funktionen und Seiten nicht erwartungsgem\u00e4\u00df funktionieren. Cookies, die sich bereits am Computer befinden, k\u00f6nnen jederzeit gel\u00f6scht werden, Die Vorgangsweise dazu finden Sie in Ihrer Browseranleitung (unter &#8222;Hilfe&#8220; im Browsermen\u00fc).<\/p>\t\t\t\t\t\t<\/div>\n\t\t\t\t<\/div>\n\t\t\t\t\t<\/div>\n\t\t<\/div>\n\t\t\t\t\t<\/div>\n\t\t<\/section>\n\t\t\t\t<section class=\"elementor-section elementor-top-section elementor-element elementor-element-f4e4a6a elementor-section-boxed elementor-section-height-default elementor-section-height-default\" data-id=\"f4e4a6a\" data-element_type=\"section\">\n\t\t\t\t\t\t<div class=\"elementor-container elementor-column-gap-default\">\n\t\t\t\t\t<div class=\"elementor-column elementor-col-100 elementor-top-column elementor-element elementor-element-f327222\" data-id=\"f327222\" data-element_type=\"column\">\n\t\t\t<div class=\"elementor-column-wrap--f327222 elementor-widget-wrap elementor-element-populated\">\n\t\t\t\t\t\t<div class=\"elementor-element elementor-element-06dca00 elementor-widget elementor-widget-text-editor\" data-id=\"06dca00\" data-element_type=\"widget\" data-widget_type=\"text-editor.default\">\n\t\t\t\t<div class=\"elementor-widget-container\">\n\t\t\t\t\t\t\t<p><strong>GOOGLE ANALYTICS<\/strong><\/p>\n<p>Diese Website benutzt Google Analytics, einen Webanalysedienst der Google Inc. (\u201eGoogle\u201c). Google Analytics verwendet sog. \u201eCookies\u201c, Textdateien, die auf Ihrem Computer gespeichert werden und die eine Analyse der Benutzung der Website durch Sie erm\u00f6glichen. Die durch den Cookie erzeugten Informationen \u00fcber Ihre Benutzung dieser Website werden in der Regel an einen Server von Google in den USA \u00fcbertragen und dort gespeichert. Im Falle der Aktivierung der IP-Anonymisierung auf dieser Webseite, wird Ihre IP-Adresse von Google jedoch innerhalb von Mitgliedstaaten der Europ\u00e4ischen Union oder in anderen Vertragsstaaten des Abkommens \u00fcber den Europ\u00e4ischen Wirtschaftsraum zuvor gek\u00fcrzt. Nur in Ausnahmef\u00e4llen wird die volle IP-Adresse an einen Server von Google in den USA \u00fcbertragen und dort gek\u00fcrzt. Im Auftrag des Betreibers dieser Website wird Google diese Infor&amp;shy;mationen benutzen, um Ihre Nutzung der Website auszuwerten, um Reports \u00fcber die Websiteaktivit\u00e4ten zusammenzustellen und um weitere mit der Websitenutzung und der Internetnutzung verbundene Dienstleistungen gegen\u00fcber dem Websitebetreiber zu erbringen Die im Rahmen von Google Analytics von Ihrem Browser \u00fcbermittelte IP-Adresse wird nicht mit anderen Daten von Google zusammengef\u00fchrt. Sie k\u00f6nnen die Speicherung der Cookies durch eine entsprechende Einstellung Ihrer Browser-Software verhindern; wir weisen Sie jedoch darauf hin, dass Sie in diesem Fall gegebenenfalls nicht s\u00e4mtliche Funktionen dieser Website vollumf\u00e4nglich werden nutzen k\u00f6nnen.<\/p>\t\t\t\t\t\t<\/div>\n\t\t\t\t<\/div>\n\t\t\t\t\t<\/div>\n\t\t<\/div>\n\t\t\t\t\t<\/div>\n\t\t<\/section>\n\t\t\t\t<\/div>\n\t\t","protected":false},"excerpt":{"rendered":"<p>GUPHARMA\u00a0GmbH UID-Nr: ATU73835567FN: 502220iHandelsgericht Salzburg Gewerbepark 281A-5580 TamswegTel: +43 6474 20432 E-Mail: office@gupharma.atWebsite: www.gupharma.at Anwendbare Vorschriften:\u00a0Mediengesetz, E-Commerce-Gesetz, Telekommunikationsgesetz, Gewerbeordnung &#8211;\u00a0\u00a0siehe Rechtsinformationsservice des Bundeskanzleramtes www.ris.bka.gv.at Kammer:WKO Aufsichtsbeh\u00f6rde \/\u00a0Beh\u00f6rde gem. E-Commerce-Gesetz:Bezirkshauptmannschaft Tamsweg, im Rahmen des Telekommunikationsgesetzes die Rundfunk und Telekom RegulierungsGmbH\/Telekom\u00a0Control Kommission, Mariahilfer Stra\u00dfe 77-79, 1060 Wien Offenlegung lt. \u00a725 Mediengesetz:Medieninhaber &amp; Herausgeber: GUPHARMA GmbH mit Sitz [&hellip;]<\/p>\n","protected":false},"author":1,"featured_media":0,"parent":0,"menu_order":0,"comment_status":"closed","ping_status":"open","template":"","meta":{"_acf_changed":false,"footnotes":""},"acf":[],"_links":{"self":[{"href":"https:\/\/www.staging.gupharma.at\/index.php?rest_route=\/wp\/v2\/pages\/3"}],"collection":[{"href":"https:\/\/www.staging.gupharma.at\/index.php?rest_route=\/wp\/v2\/pages"}],"about":[{"href":"https:\/\/www.staging.gupharma.at\/index.php?rest_route=\/wp\/v2\/types\/page"}],"author":[{"embeddable":true,"href":"https:\/\/www.staging.gupharma.at\/index.php?rest_route=\/wp\/v2\/users\/1"}],"replies":[{"embeddable":true,"href":"https:\/\/www.staging.gupharma.at\/index.php?rest_route=%2Fwp%2Fv2%2Fcomments&post=3"}],"version-history":[{"count":10,"href":"https:\/\/www.staging.gupharma.at\/index.php?rest_route=\/wp\/v2\/pages\/3\/revisions"}],"predecessor-version":[{"id":4920,"href":"https:\/\/www.staging.gupharma.at\/index.php?rest_route=\/wp\/v2\/pages\/3\/revisions\/4920"}],"wp:attachment":[{"href":"https:\/\/www.staging.gupharma.at\/index.php?rest_route=%2Fwp%2Fv2%2Fmedia&parent=3"}],"curies":[{"name":"wp","href":"https:\/\/api.w.org\/{rel}","templated":true}]}}