{"id":4430,"date":"2022-11-10T16:45:10","date_gmt":"2022-11-10T15:45:10","guid":{"rendered":"https:\/\/www.staging.gupharma.at\/?post_type=product&#038;p=4430"},"modified":"2024-04-19T10:23:01","modified_gmt":"2024-04-19T08:23:01","slug":"pqq-energie","status":"publish","type":"product","link":"https:\/\/www.staging.gupharma.at\/?product=pqq-energie","title":{"rendered":"PQQ Energie"},"content":{"rendered":"<table class=\"table-products-inhaltsstoffe\" style=\"width: 100%; border-collapse: collapse;\">\n<tbody>\n<tr style=\"height: 50px;\">\n<th style=\"width: 33.3333%; height: 50px; vertical-align: middle;\">N\u00e4hrstoffe<\/th>\n<th style=\"width: 33.3333%; height: 50px; vertical-align: middle;\">pro Tagesdosis (2 Kapseln)<\/th>\n<th style=\"width: 33.3333%; height: 50px; vertical-align: middle;\">% NRV<sup>1<\/sup><\/th>\n<\/tr>\n<tr>\n<td style=\"width: 33.3333%;\">PQQ (Pyrrolochinolinchinon)<\/td>\n<td style=\"width: 33.3333%; height: 30px;\">10 mg<\/td>\n<td style=\"width: 33.3333%; height: 30px;\">&#8211;<sup>2<\/sup><\/td>\n<\/tr>\n<tr style=\"height: 30px;\">\n<td style=\"width: 33.3333%; height: 30px;\">Coenzym Q10<\/td>\n<td style=\"width: 33.3333%; height: 30px;\">110 mg<\/td>\n<td style=\"width: 33.3333%; height: 30px;\">&#8211;<sup>2<\/sup><\/td>\n<\/tr>\n<tr>\n<td style=\"width: 33.3333%;\">Acetyl-L-Carnitin<\/td>\n<td style=\"width: 33.3333%;\">250 mg<\/td>\n<td style=\"width: 33.3333%;\">&#8211;<sup>2<\/sup><\/td>\n<\/tr>\n<tr>\n<td style=\"width: 33.3333%;\">Kurkumawurzelstock-Extrakt<br \/>\n<span style=\"font-family: inherit; font-size: inherit; background-color: var(--body-bg-color); color: var(--body-color); font-weight: var(--body-font-weight);\">davon Curcuminoide<\/span><\/td>\n<td style=\"width: 33.3333%;\">250 mg<br \/>\n<span style=\"font-family: inherit; font-size: inherit; background-color: var(--body-bg-color); color: var(--body-color); font-weight: var(--body-font-weight);\">237,5 mg<\/span><\/td>\n<td style=\"width: 33.3333%;\">&#8211;<sup>2<br \/>\n-2<\/sup><\/td>\n<\/tr>\n<tr>\n<td style=\"width: 33.3333%;\">Vitamin B1<\/td>\n<td style=\"width: 33.3333%;\">3,3 mg<\/td>\n<td style=\"width: 33.3333%;\">300 %<\/td>\n<\/tr>\n<tr>\n<td style=\"width: 33.3333%;\">Vitamin C<\/td>\n<td style=\"width: 33.3333%;\">40 mg<\/td>\n<td style=\"width: 33.3333%;\">50 %<\/td>\n<\/tr>\n<tr>\n<td style=\"width: 33.3333%;\">Vitamin E<\/td>\n<td style=\"width: 33.3333%;\">6 mg<\/td>\n<td style=\"width: 33.3333%;\">50 %<\/td>\n<\/tr>\n<tr>\n<td style=\"width: 33.3333%;\">Calcium<\/td>\n<td style=\"width: 33.3333%;\">240 mg<\/td>\n<td style=\"width: 33.3333%;\">30 %<\/td>\n<\/tr>\n<tr>\n<td style=\"width: 33.3333%;\">Selen<\/td>\n<td style=\"width: 33.3333%;\">33 mcg<\/td>\n<td style=\"width: 33.3333%;\">60 %<\/td>\n<\/tr>\n<tr>\n<td style=\"width: 33.3333%;\">Zink<\/td>\n<td style=\"width: 33.3333%;\">5 mg<\/td>\n<td style=\"width: 33.3333%;\">50 %<\/td>\n<\/tr>\n<tr>\n<td style=\"width: 33.3333%;\">Schwarzer Pfefferfrucht-Extrakt<br \/>\n<span style=\"font-family: inherit; font-size: inherit; background-color: var(--body-bg-color); color: var(--body-color); font-weight: var(--body-font-weight);\">davon Piperin<\/span><\/td>\n<td style=\"width: 33.3333%;\">2,1 mg<br \/>\n2,0 mg<\/td>\n<td style=\"width: 33.3333%;\"><sup>-2<br \/>\n-2<\/sup><\/td>\n<\/tr>\n<\/tbody>\n<\/table>\n<p><small><sup>1<\/sup> Prozentsatz der empfohlenen Tagesdosis gem. EU-Verordnung 1169\/2011<br \/>\n<sup>2<\/sup> Keine NRV vorhanden<br \/>\n<\/small><\/p>\n","protected":false},"excerpt":{"rendered":"<p>Unterst\u00fctzt die Vitalit\u00e4t &#8211; verringert M\u00fcdigkeit und Ersch\u00f6pfung<\/p>\n","protected":false},"featured_media":3584,"template":"","meta":{"_acf_changed":false},"product_cat":[261,393,394,15],"product_tag":[155,253,105,252,251,250],"acf":[],"_links":{"self":[{"href":"https:\/\/www.staging.gupharma.at\/index.php?rest_route=\/wp\/v2\/product\/4430"}],"collection":[{"href":"https:\/\/www.staging.gupharma.at\/index.php?rest_route=\/wp\/v2\/product"}],"about":[{"href":"https:\/\/www.staging.gupharma.at\/index.php?rest_route=\/wp\/v2\/types\/product"}],"wp:featuredmedia":[{"embeddable":true,"href":"https:\/\/www.staging.gupharma.at\/index.php?rest_route=\/wp\/v2\/media\/3584"}],"wp:attachment":[{"href":"https:\/\/www.staging.gupharma.at\/index.php?rest_route=%2Fwp%2Fv2%2Fmedia&parent=4430"}],"wp:term":[{"taxonomy":"product_cat","embeddable":true,"href":"https:\/\/www.staging.gupharma.at\/index.php?rest_route=%2Fwp%2Fv2%2Fproduct_cat&post=4430"},{"taxonomy":"product_tag","embeddable":true,"href":"https:\/\/www.staging.gupharma.at\/index.php?rest_route=%2Fwp%2Fv2%2Fproduct_tag&post=4430"}],"curies":[{"name":"wp","href":"https:\/\/api.w.org\/{rel}","templated":true}]}}